{"id":2686,"date":"2024-11-14T10:02:37","date_gmt":"2024-11-14T10:02:37","guid":{"rendered":"https:\/\/www.malagaluxproperties.com\/quienes-somos\/"},"modified":"2024-11-14T10:17:33","modified_gmt":"2024-11-14T10:17:33","slug":"quienes-somos","status":"publish","type":"page","link":"https:\/\/www.malagaluxproperties.com\/es\/quienes-somos\/","title":{"rendered":"Nosotros"},"content":{"rendered":"<p>[et_pb_section fb_built=\u00bb1&#8243; admin_label=\u00bbHeader\u00bb _builder_version=\u00bb4.27.3&#8243; _module_preset=\u00bbdefault\u00bb background_color=\u00bb#1c1c1c\u00bb background_image=\u00bbhttps:\/\/www.malagaluxproperties.com\/wp-content\/uploads\/2024\/11\/muelle-uno-02.jpg\u00bb background_size=\u00bbcustom\u00bb background_image_width=\u00bb55%\u00bb background_position=\u00bbcenter_right\u00bb hover_enabled=\u00bb0&#8243; background_last_edited=\u00bbon|phone\u00bb background_size_tablet=\u00bbcover\u00bb background_image_width_phone=\u00bb90%\u00bb background_position_tablet=\u00bbcenter\u00bb overflow-x_tablet=\u00bb\u00bb overflow-x_phone=\u00bbhidden\u00bb overflow-x_last_edited=\u00bbon|phone\u00bb overflow-y_tablet=\u00bb\u00bb overflow-y_phone=\u00bbhidden\u00bb overflow-y_last_edited=\u00bbon|phone\u00bb collapsed=\u00bbon\u00bb global_colors_info=\u00bb{}\u00bb theme_builder_area=\u00bbpost_content\u00bb title_text=\u00bbmuelle-uno-02&#8243; sticky_enabled=\u00bb0&#8243;][et_pb_row column_structure=\u00bb3_5,2_5&#8243; _builder_version=\u00bb4.18.0&#8243; _module_preset=\u00bbdefault\u00bb global_colors_info=\u00bb{}\u00bb theme_builder_area=\u00bbpost_content\u00bb][et_pb_column type=\u00bb3_5&#8243; _builder_version=\u00bb4.18.0&#8243; _module_preset=\u00bbdefault\u00bb background_color=\u00bb#FFFFFF\u00bb custom_padding=\u00bb50px|50px|50px|50px|true|true\u00bb custom_padding_tablet=\u00bb30px|30px|30px|30px|true|true\u00bb custom_padding_phone=\u00bb20px|20px|20px|20px|true|true\u00bb custom_padding_last_edited=\u00bbon|desktop\u00bb global_colors_info=\u00bb{}\u00bb theme_builder_area=\u00bbpost_content\u00bb][et_pb_image src=\u00bbhttps:\/\/www.malagaluxproperties.com\/wp-content\/uploads\/2024\/10\/real-estate-38.png\u00bb title_text=\u00bbreal-estate-38&#8243; _builder_version=\u00bb4.18.0&#8243; _module_preset=\u00bbdefault\u00bb transform_translate=\u00bb80%|65%\u00bb transform_translate_linked=\u00bboff\u00bb positioning=\u00bbabsolute\u00bb position_origin_a=\u00bbbottom_right\u00bb width=\u00bb20%\u00bb global_colors_info=\u00bb{}\u00bb theme_builder_area=\u00bbpost_content\u00bb][\/et_pb_image][et_pb_text _builder_version=\u00bb4.27.3&#8243; _module_preset=\u00bbe6504a1b-67eb-4b3d-b023-bcab277610b6&#8243; header_4_font=\u00bbUbuntu|700||on|||||\u00bb header_4_text_color=\u00bb#d4af37&#8243; header_4_font_size=\u00bb14px\u00bb header_4_line_height=\u00bb1.5em\u00bb custom_margin=\u00bb||0px||false|false\u00bb hover_enabled=\u00bb0&#8243; global_colors_info=\u00bb{}\u00bb theme_builder_area=\u00bbpost_content\u00bb sticky_enabled=\u00bb0&#8243;]<\/p>\n<h4>Desc\u00fabrenos<\/h4>\n<p>[\/et_pb_text][et_pb_text _builder_version=\u00bb4.27.3&#8243; _module_preset=\u00bbc16985e1-e0d6-4022-964d-e2bfc04fa633&#8243; header_font=\u00bbPlayfair Display|700|||||||\u00bb header_text_color=\u00bb#000000&#8243; header_font_size=\u00bb75px\u00bb header_line_height=\u00bb1.1em\u00bb hover_enabled=\u00bb0&#8243; header_font_size_tablet=\u00bb40px\u00bb header_font_size_phone=\u00bb24px\u00bb header_font_size_last_edited=\u00bbon|desktop\u00bb global_colors_info=\u00bb{}\u00bb theme_builder_area=\u00bbpost_content\u00bb sticky_enabled=\u00bb0&#8243;]<\/p>\n<h1>Quienes somos<\/h1>\n<p>[\/et_pb_text][et_pb_text _builder_version=\u00bb4.27.3&#8243; _module_preset=\u00bb518880c8-46c7-4ffa-b5a6-93ffa99dcc17&#8243; text_font=\u00bbNanum Gothic||||||||\u00bb text_text_color=\u00bb#000000&#8243; text_font_size=\u00bb18px\u00bb text_line_height=\u00bb1.6em\u00bb link_text_color=\u00bb#7090AE\u00bb hover_enabled=\u00bb0&#8243; text_font_size_tablet=\u00bb16px\u00bb text_font_size_phone=\u00bb14px\u00bb text_font_size_last_edited=\u00bbon|phone\u00bb global_colors_info=\u00bb{}\u00bb theme_builder_area=\u00bbpost_content\u00bb sticky_enabled=\u00bb0&#8243;]<\/p>\n<p>Nuestro equipo est\u00e1 aqu\u00ed para ayudarle a encontrar la casa perfecta o la inversi\u00f3n ideal en una de las zonas m\u00e1s codiciadas del Mediterr\u00e1neo.<\/p>\n<p>[\/et_pb_text][\/et_pb_column][et_pb_column type=\u00bb2_5&#8243; _builder_version=\u00bb4.18.0&#8243; _module_preset=\u00bbdefault\u00bb global_colors_info=\u00bb{}\u00bb theme_builder_area=\u00bbpost_content\u00bb][et_pb_image src=\u00bbhttps:\/\/www.malagaluxproperties.com\/wp-content\/uploads\/2024\/10\/real-estate-2.png\u00bb title_text=\u00bbreal-estate-2&#8243; align=\u00bbright\u00bb disabled_on=\u00bbon|on|on\u00bb _builder_version=\u00bb4.27.2&#8243; _module_preset=\u00bbdefault\u00bb width=\u00bb120px\u00bb disabled=\u00bbon\u00bb locked=\u00bboff\u00bb global_colors_info=\u00bb{}\u00bb theme_builder_area=\u00bbpost_content\u00bb][\/et_pb_image][\/et_pb_column][\/et_pb_row][\/et_pb_section][et_pb_section fb_built=\u00bb1&#8243; admin_label=\u00bbContact Info\u00bb _builder_version=\u00bb4.27.2&#8243; _module_preset=\u00bbdefault\u00bb background_color=\u00bb#f5f5f5&#8243; collapsed=\u00bbon\u00bb global_colors_info=\u00bb{}\u00bb theme_builder_area=\u00bbpost_content\u00bb][et_pb_row _builder_version=\u00bb4.27.3&#8243; _module_preset=\u00bbdefault\u00bb theme_builder_area=\u00bbpost_content\u00bb][et_pb_column _builder_version=\u00bb4.27.3&#8243; _module_preset=\u00bbdefault\u00bb type=\u00bb4_4&#8243; theme_builder_area=\u00bbpost_content\u00bb][et_pb_text _builder_version=\u00bb4.27.3&#8243; _module_preset=\u00bbdefault\u00bb theme_builder_area=\u00bbpost_content\u00bb hover_enabled=\u00bb0&#8243; sticky_enabled=\u00bb0&#8243; text_font=\u00bb&#8211;et_global_body_font||||||||\u00bb text_font_size=\u00bb16px\u00bb text_line_height=\u00bb1.8em\u00bb]<\/p>\n<p>En <strong>M\u00e1laga Lux Homes<\/strong>, nos dedicamos a ofrecer experiencias exclusivas en el mercado inmobiliario de lujo en M\u00e1laga y la Costa del Sol. Somos una agencia compuesta por profesionales apasionados con amplia experiencia en la venta de propiedades de alta gama, comprometidos a encontrar el hogar perfecto para cada uno de nuestros clientes. <\/p>\n<p>Desde villas frente al mar hasta apartamentos en las zonas m\u00e1s prestigiosas de la ciudad, seleccionamos cuidadosamente cada propiedad bas\u00e1ndonos en los m\u00e1s altos est\u00e1ndares. Tenemos un conocimiento profundo del mercado local y colaboramos con expertos en arquitectura, dise\u00f1o de interiores y renovaciones para ofrecer un servicio integral que cumpla con las expectativas de los clientes m\u00e1s exigentes. <\/p>\n<p>En M\u00e1laga Lux Homes, entendemos que cada compra es un proyecto \u00fanico, por lo que trabajamos de manera personalizada, cuidando cada detalle y acompa\u00f1\u00e1ndote en cada paso del proceso. Ya sea que busques una inversi\u00f3n, una segunda residencia o un lugar para disfrutar del estilo de vida exclusivo de la Costa del Sol, estamos aqu\u00ed para ayudarte a cumplir tus sue\u00f1os. <\/p>\n<p><strong>M\u00e1laga Lux Homes: Donde te espera la casa de tus sue\u00f1os.<\/strong><\/p>\n<p>[\/et_pb_text][\/et_pb_column][\/et_pb_row][\/et_pb_section][et_pb_section fb_built=\u00bb1&#8243; admin_label=\u00bbContact Form\u00bb _builder_version=\u00bb4.18.0&#8243; _module_preset=\u00bbdefault\u00bb custom_padding=\u00bb0px||0px||false|false\u00bb collapsed=\u00bbon\u00bb global_colors_info=\u00bb{}\u00bb theme_builder_area=\u00bbpost_content\u00bb][et_pb_row column_structure=\u00bb2_5,3_5&#8243; make_equal=\u00bbon\u00bb _builder_version=\u00bb4.18.0&#8243; _module_preset=\u00bbdefault\u00bb custom_padding=\u00bb0px||0px||false|false\u00bb box_shadow_style=\u00bbpreset4&#8243; box_shadow_horizontal=\u00bb-30vw\u00bb box_shadow_vertical=\u00bb0px\u00bb box_shadow_color=\u00bb#000000&#8243; global_colors_info=\u00bb{}\u00bb theme_builder_area=\u00bbpost_content\u00bb][et_pb_column type=\u00bb2_5&#8243; _builder_version=\u00bb4.18.0&#8243; _module_preset=\u00bbdefault\u00bb background_color=\u00bb#000000&#8243; custom_padding=\u00bb50px|50px|50px||true|false\u00bb custom_padding_tablet=\u00bb30px|30px|30px|30px|true|false\u00bb custom_padding_phone=\u00bb20px|20px|20px|20px|true|true\u00bb custom_padding_last_edited=\u00bbon|phone\u00bb global_colors_info=\u00bb{}\u00bb theme_builder_area=\u00bbpost_content\u00bb][et_pb_text _builder_version=\u00bb4.27.2&#8243; _module_preset=\u00bbe6504a1b-67eb-4b3d-b023-bcab277610b6&#8243; header_4_font=\u00bbUbuntu|700||on|||||\u00bb header_4_text_color=\u00bb#d4af37&#8243; header_4_font_size=\u00bb14px\u00bb header_4_line_height=\u00bb1.5em\u00bb custom_margin=\u00bb||0px||false|false\u00bb global_colors_info=\u00bb{}\u00bb theme_builder_area=\u00bbpost_content\u00bb]<\/p>\n<h4>Contacto<\/h4>\n<p>[\/et_pb_text][et_pb_text _builder_version=\u00bb4.18.0&#8243; _module_preset=\u00bbb327cbe4-b1d5-4b66-ad37-40c8f2f061ba\u00bb header_2_font=\u00bbPlayfair Display|700|||||||\u00bb header_2_text_color=\u00bb#FFFFFF\u00bb header_2_font_size=\u00bb45px\u00bb header_2_line_height=\u00bb1.35em\u00bb header_2_font_size_tablet=\u00bb32px\u00bb header_2_font_size_phone=\u00bb20px\u00bb header_2_font_size_last_edited=\u00bbon|desktop\u00bb global_colors_info=\u00bb{}\u00bb theme_builder_area=\u00bbpost_content\u00bb]<\/p>\n<h2>Enviar un mensaje<\/h2>\n<p>[\/et_pb_text][et_pb_text _builder_version=\u00bb4.27.2&#8243; _module_preset=\u00bb518880c8-46c7-4ffa-b5a6-93ffa99dcc17&#8243; text_font=\u00bbNanum Gothic||||||||\u00bb text_text_color=\u00bb#FFFFFF\u00bb text_font_size=\u00bb18px\u00bb text_line_height=\u00bb1.6em\u00bb link_text_color=\u00bb#7090AE\u00bb text_font_size_tablet=\u00bb16px\u00bb text_font_size_phone=\u00bb14px\u00bb text_font_size_last_edited=\u00bbon|phone\u00bb global_colors_info=\u00bb{}\u00bb theme_builder_area=\u00bbpost_content\u00bb]<\/p>\n<p>Utilice el siguiente formulario de contacto. En cuanto recibamos su mensaje, nos pondremos en contacto con usted lo antes posible.  <br \/><strong>\u00a1Muchas Gracias!<\/strong><\/p>\n<p>[\/et_pb_text][\/et_pb_column][et_pb_column type=\u00bb3_5&#8243; _builder_version=\u00bb4.18.0&#8243; _module_preset=\u00bbdefault\u00bb custom_padding=\u00bb10%||50px||false|false\u00bb custom_padding_tablet=\u00bb30px||30px|30px|true|false\u00bb custom_padding_phone=\u00bb20px||20px|20px|true|false\u00bb custom_padding_last_edited=\u00bbon|phone\u00bb global_colors_info=\u00bb{}\u00bb theme_builder_area=\u00bbpost_content\u00bb][et_pb_contact_form email=\u00bbinfo@malagaluxproperties.com, comercial@inmosoho.com, lordrake25@gmail.com\u00bb title=\u00bbFormulario de Contacto\u00bb custom_message=\u00bbMensaje enviado desde la p\u00e1gina de CONTACTO de M\u00e1laga Lux Properties||et_pb_line_break_holder||||et_pb_line_break_holder||Nombre: %%Name%%||et_pb_line_break_holder||E-mail: %%Email%%||et_pb_line_break_holder||Tel\u00e9fono: %%phone%%||et_pb_line_break_holder||Mensaje: %%Message%%\u00bb success_message=\u00bb\u00a1Muchas Gracias! Le contestaremos en breve\u00bb submit_button_text=\u00bbENVIAR\u00bb _builder_version=\u00bb4.27.2&#8243; _module_preset=\u00bb3045a363-1526-4ad9-af94-071976503abf\u00bb _unique_id=\u00bb3b9ff40e-5f34-4f1e-8605-88cf2b55a7ef\u00bb form_field_background_color=\u00bb#f5f5f5&#8243; form_field_text_color=\u00bb#B3B3B3&#8243; form_field_custom_padding=\u00bb16px|40px|16px|40px|true|true\u00bb title_font=\u00bbPlayfair Display||||||||\u00bb title_font_size=\u00bb25px\u00bb form_field_font=\u00bb&#8211;et_global_body_font||||||||\u00bb custom_button=\u00bbon\u00bb button_text_size=\u00bb14px\u00bb button_text_color=\u00bb#FFFFFF\u00bb button_bg_color=\u00bb#d4af37&#8243; button_border_width=\u00bb0px\u00bb button_border_radius=\u00bb0px\u00bb button_font=\u00bbUbuntu|700||on|||||\u00bb button_custom_padding=\u00bb16px|24px|16px|24px|true|true\u00bb locked=\u00bboff\u00bb global_colors_info=\u00bb{}\u00bb theme_builder_area=\u00bbpost_content\u00bb][et_pb_contact_field field_id=\u00bbName\u00bb field_title=\u00bbNombre\u00bb fullwidth_field=\u00bbon\u00bb _builder_version=\u00bb4.27.2&#8243; _module_preset=\u00bbdefault\u00bb global_colors_info=\u00bb{}\u00bb button_text_size__hover_enabled=\u00bboff\u00bb button_one_text_size__hover_enabled=\u00bboff\u00bb button_two_text_size__hover_enabled=\u00bboff\u00bb button_text_color__hover_enabled=\u00bboff\u00bb button_one_text_color__hover_enabled=\u00bboff\u00bb button_two_text_color__hover_enabled=\u00bboff\u00bb button_border_width__hover_enabled=\u00bboff\u00bb button_one_border_width__hover_enabled=\u00bboff\u00bb button_two_border_width__hover_enabled=\u00bboff\u00bb button_border_color__hover_enabled=\u00bboff\u00bb button_one_border_color__hover_enabled=\u00bboff\u00bb button_two_border_color__hover_enabled=\u00bboff\u00bb button_border_radius__hover_enabled=\u00bboff\u00bb button_one_border_radius__hover_enabled=\u00bboff\u00bb button_two_border_radius__hover_enabled=\u00bboff\u00bb button_letter_spacing__hover_enabled=\u00bboff\u00bb button_one_letter_spacing__hover_enabled=\u00bboff\u00bb button_two_letter_spacing__hover_enabled=\u00bboff\u00bb button_bg_color__hover_enabled=\u00bboff\u00bb button_one_bg_color__hover_enabled=\u00bboff\u00bb button_two_bg_color__hover_enabled=\u00bboff\u00bb theme_builder_area=\u00bbpost_content\u00bb][\/et_pb_contact_field][et_pb_contact_field field_id=\u00bbEmail\u00bb field_title=\u00bbCorreo electr\u00f3nico\u00bb field_type=\u00bbemail\u00bb _builder_version=\u00bb4.27.2&#8243; _module_preset=\u00bbdefault\u00bb global_colors_info=\u00bb{}\u00bb button_text_size__hover_enabled=\u00bboff\u00bb button_one_text_size__hover_enabled=\u00bboff\u00bb button_two_text_size__hover_enabled=\u00bboff\u00bb button_text_color__hover_enabled=\u00bboff\u00bb button_one_text_color__hover_enabled=\u00bboff\u00bb button_two_text_color__hover_enabled=\u00bboff\u00bb button_border_width__hover_enabled=\u00bboff\u00bb button_one_border_width__hover_enabled=\u00bboff\u00bb button_two_border_width__hover_enabled=\u00bboff\u00bb button_border_color__hover_enabled=\u00bboff\u00bb button_one_border_color__hover_enabled=\u00bboff\u00bb button_two_border_color__hover_enabled=\u00bboff\u00bb button_border_radius__hover_enabled=\u00bboff\u00bb button_one_border_radius__hover_enabled=\u00bboff\u00bb button_two_border_radius__hover_enabled=\u00bboff\u00bb button_letter_spacing__hover_enabled=\u00bboff\u00bb button_one_letter_spacing__hover_enabled=\u00bboff\u00bb button_two_letter_spacing__hover_enabled=\u00bboff\u00bb button_bg_color__hover_enabled=\u00bboff\u00bb button_one_bg_color__hover_enabled=\u00bboff\u00bb button_two_bg_color__hover_enabled=\u00bboff\u00bb theme_builder_area=\u00bbpost_content\u00bb][\/et_pb_contact_field][et_pb_contact_field field_id=\u00bbphone\u00bb field_title=\u00bbTel\u00e9fono\u00bb min_length=\u00bb9&#8243; max_length=\u00bb13&#8243; allowed_symbols=\u00bbnumbers\u00bb _builder_version=\u00bb4.27.2&#8243; _module_preset=\u00bbdefault\u00bb global_colors_info=\u00bb{}\u00bb theme_builder_area=\u00bbpost_content\u00bb][\/et_pb_contact_field][et_pb_contact_field field_id=\u00bbMessage\u00bb field_title=\u00bbMensaje\u00bb field_type=\u00bbtext\u00bb fullwidth_field=\u00bbon\u00bb _builder_version=\u00bb4.16&#8243; _module_preset=\u00bbdefault\u00bb global_colors_info=\u00bb{}\u00bb button_text_size__hover_enabled=\u00bboff\u00bb button_one_text_size__hover_enabled=\u00bboff\u00bb button_two_text_size__hover_enabled=\u00bboff\u00bb button_text_color__hover_enabled=\u00bboff\u00bb button_one_text_color__hover_enabled=\u00bboff\u00bb button_two_text_color__hover_enabled=\u00bboff\u00bb button_border_width__hover_enabled=\u00bboff\u00bb button_one_border_width__hover_enabled=\u00bboff\u00bb button_two_border_width__hover_enabled=\u00bboff\u00bb button_border_color__hover_enabled=\u00bboff\u00bb button_one_border_color__hover_enabled=\u00bboff\u00bb button_two_border_color__hover_enabled=\u00bboff\u00bb button_border_radius__hover_enabled=\u00bboff\u00bb button_one_border_radius__hover_enabled=\u00bboff\u00bb button_two_border_radius__hover_enabled=\u00bboff\u00bb button_letter_spacing__hover_enabled=\u00bboff\u00bb button_one_letter_spacing__hover_enabled=\u00bboff\u00bb button_two_letter_spacing__hover_enabled=\u00bboff\u00bb button_bg_color__hover_enabled=\u00bboff\u00bb button_one_bg_color__hover_enabled=\u00bboff\u00bb button_two_bg_color__hover_enabled=\u00bboff\u00bb theme_builder_area=\u00bbpost_content\u00bb][\/et_pb_contact_field][et_pb_contact_field field_id=\u00bbprivacidad\u00bb field_title=\u00bb \u00bb field_type=\u00bbcheckbox\u00bb checkbox_options=\u00bb%91{%22value%22:%22 He le\u00eddo y acepto la %22,%22checked%22:0,%22dragID%22:-1,%22link_url%22:%22https:\\\/\\\/www.malagaluxproperties.com\\\/privacy-policy\\\/%22,%22link_text%22:%22Pol\u00edtica de Privacidad%22}%93&#8243; _builder_version=\u00bb4.27.2&#8243; _module_preset=\u00bbdefault\u00bb global_colors_info=\u00bb{}\u00bb theme_builder_area=\u00bbpost_content\u00bb][\/et_pb_contact_field][\/et_pb_contact_form][\/et_pb_column][\/et_pb_row][\/et_pb_section]<\/p>\n","protected":false},"excerpt":{"rendered":"<p>Desc\u00fabrenosQuienes somosNuestro equipo est\u00e1 aqu\u00ed para ayudarle a encontrar la casa perfecta o la inversi\u00f3n ideal en una de las zonas m\u00e1s codiciadas del Mediterr\u00e1neo.En M\u00e1laga Lux Homes, nos dedicamos a ofrecer experiencias exclusivas en el mercado inmobiliario de lujo en M\u00e1laga y la Costa del Sol. Somos una agencia compuesta por profesionales apasionados con [&hellip;]<\/p>\n","protected":false},"author":3,"featured_media":0,"parent":0,"menu_order":0,"comment_status":"closed","ping_status":"closed","template":"","meta":{"_et_pb_use_builder":"on","_et_pb_old_content":"","_et_gb_content_width":"","_monsterinsights_skip_tracking":false,"_monsterinsights_sitenote_active":false,"_monsterinsights_sitenote_note":"","_monsterinsights_sitenote_category":0,"footnotes":""},"class_list":["post-2686","page","type-page","status-publish","hentry"],"yoast_head":"<!-- This site is optimized with the Yoast SEO plugin v27.4 - https:\/\/yoast.com\/product\/yoast-seo-wordpress\/ -->\n<title>Nosotros - M&aacute;laga Lux Homes<\/title>\n<meta name=\"robots\" content=\"index, follow, max-snippet:-1, max-image-preview:large, max-video-preview:-1\" \/>\n<link rel=\"canonical\" href=\"https:\/\/www.malagaluxproperties.com\/es\/quienes-somos\/\" \/>\n<meta property=\"og:locale\" content=\"es_ES\" \/>\n<meta property=\"og:type\" content=\"article\" \/>\n<meta property=\"og:title\" content=\"Nosotros - M&aacute;laga Lux Homes\" \/>\n<meta property=\"og:description\" content=\"Desc\u00fabrenosQuienes somosNuestro equipo est\u00e1 aqu\u00ed para ayudarle a encontrar la casa perfecta o la inversi\u00f3n ideal en una de las zonas m\u00e1s codiciadas del Mediterr\u00e1neo.En M\u00e1laga Lux Homes, nos dedicamos a ofrecer experiencias exclusivas en el mercado inmobiliario de lujo en M\u00e1laga y la Costa del Sol. Somos una agencia compuesta por profesionales apasionados con [&hellip;]\" \/>\n<meta property=\"og:url\" content=\"https:\/\/www.malagaluxproperties.com\/es\/quienes-somos\/\" \/>\n<meta property=\"og:site_name\" content=\"M&aacute;laga Lux Homes\" \/>\n<meta property=\"article:modified_time\" content=\"2024-11-14T10:17:33+00:00\" \/>\n<meta property=\"og:image\" content=\"https:\/\/www.malagaluxproperties.com\/wp-content\/uploads\/2024\/10\/MLP-mockup.jpg\" \/>\n\t<meta property=\"og:image:width\" content=\"2000\" \/>\n\t<meta property=\"og:image:height\" content=\"1133\" \/>\n\t<meta property=\"og:image:type\" content=\"image\/jpeg\" \/>\n<meta name=\"twitter:card\" content=\"summary_large_image\" \/>\n<meta name=\"twitter:label1\" content=\"Tiempo de lectura\" \/>\n\t<meta name=\"twitter:data1\" content=\"10 minutos\" \/>\n<script type=\"application\/ld+json\" class=\"yoast-schema-graph\">{\"@context\":\"https:\\\/\\\/schema.org\",\"@graph\":[{\"@type\":\"WebPage\",\"@id\":\"https:\\\/\\\/www.malagaluxproperties.com\\\/es\\\/quienes-somos\\\/\",\"url\":\"https:\\\/\\\/www.malagaluxproperties.com\\\/es\\\/quienes-somos\\\/\",\"name\":\"Nosotros - M&aacute;laga Lux Homes\",\"isPartOf\":{\"@id\":\"https:\\\/\\\/www.malagaluxproperties.com\\\/es\\\/#website\"},\"datePublished\":\"2024-11-14T10:02:37+00:00\",\"dateModified\":\"2024-11-14T10:17:33+00:00\",\"breadcrumb\":{\"@id\":\"https:\\\/\\\/www.malagaluxproperties.com\\\/es\\\/quienes-somos\\\/#breadcrumb\"},\"inLanguage\":\"es\",\"potentialAction\":[{\"@type\":\"ReadAction\",\"target\":[\"https:\\\/\\\/www.malagaluxproperties.com\\\/es\\\/quienes-somos\\\/\"]}]},{\"@type\":\"BreadcrumbList\",\"@id\":\"https:\\\/\\\/www.malagaluxproperties.com\\\/es\\\/quienes-somos\\\/#breadcrumb\",\"itemListElement\":[{\"@type\":\"ListItem\",\"position\":1,\"name\":\"Portada\",\"item\":\"https:\\\/\\\/www.malagaluxproperties.com\\\/es\\\/inicio\\\/\"},{\"@type\":\"ListItem\",\"position\":2,\"name\":\"Nosotros\"}]},{\"@type\":\"WebSite\",\"@id\":\"https:\\\/\\\/www.malagaluxproperties.com\\\/es\\\/#website\",\"url\":\"https:\\\/\\\/www.malagaluxproperties.com\\\/es\\\/\",\"name\":\"M\u00e1laga Lux Properties\",\"description\":\"Luxury Properties in M&aacute;laga\",\"publisher\":{\"@id\":\"https:\\\/\\\/www.malagaluxproperties.com\\\/es\\\/#organization\"},\"potentialAction\":[{\"@type\":\"SearchAction\",\"target\":{\"@type\":\"EntryPoint\",\"urlTemplate\":\"https:\\\/\\\/www.malagaluxproperties.com\\\/es\\\/?s={search_term_string}\"},\"query-input\":{\"@type\":\"PropertyValueSpecification\",\"valueRequired\":true,\"valueName\":\"search_term_string\"}}],\"inLanguage\":\"es\"},{\"@type\":\"Organization\",\"@id\":\"https:\\\/\\\/www.malagaluxproperties.com\\\/es\\\/#organization\",\"name\":\"M\u00e1laga Lux Properties\",\"url\":\"https:\\\/\\\/www.malagaluxproperties.com\\\/es\\\/\",\"logo\":{\"@type\":\"ImageObject\",\"inLanguage\":\"es\",\"@id\":\"https:\\\/\\\/www.malagaluxproperties.com\\\/es\\\/#\\\/schema\\\/logo\\\/image\\\/\",\"url\":\"https:\\\/\\\/www.malagaluxproperties.com\\\/wp-content\\\/uploads\\\/2024\\\/10\\\/logo-mluxp-2.png\",\"contentUrl\":\"https:\\\/\\\/www.malagaluxproperties.com\\\/wp-content\\\/uploads\\\/2024\\\/10\\\/logo-mluxp-2.png\",\"width\":455,\"height\":629,\"caption\":\"M\u00e1laga Lux Properties\"},\"image\":{\"@id\":\"https:\\\/\\\/www.malagaluxproperties.com\\\/es\\\/#\\\/schema\\\/logo\\\/image\\\/\"}}]}<\/script>\n<!-- \/ Yoast SEO plugin. -->","yoast_head_json":{"title":"Nosotros - M&aacute;laga Lux Homes","robots":{"index":"index","follow":"follow","max-snippet":"max-snippet:-1","max-image-preview":"max-image-preview:large","max-video-preview":"max-video-preview:-1"},"canonical":"https:\/\/www.malagaluxproperties.com\/es\/quienes-somos\/","og_locale":"es_ES","og_type":"article","og_title":"Nosotros - M&aacute;laga Lux Homes","og_description":"Desc\u00fabrenosQuienes somosNuestro equipo est\u00e1 aqu\u00ed para ayudarle a encontrar la casa perfecta o la inversi\u00f3n ideal en una de las zonas m\u00e1s codiciadas del Mediterr\u00e1neo.En M\u00e1laga Lux Homes, nos dedicamos a ofrecer experiencias exclusivas en el mercado inmobiliario de lujo en M\u00e1laga y la Costa del Sol. Somos una agencia compuesta por profesionales apasionados con [&hellip;]","og_url":"https:\/\/www.malagaluxproperties.com\/es\/quienes-somos\/","og_site_name":"M&aacute;laga Lux Homes","article_modified_time":"2024-11-14T10:17:33+00:00","og_image":[{"width":2000,"height":1133,"url":"https:\/\/www.malagaluxproperties.com\/wp-content\/uploads\/2024\/10\/MLP-mockup.jpg","type":"image\/jpeg"}],"twitter_card":"summary_large_image","twitter_misc":{"Tiempo de lectura":"10 minutos"},"schema":{"@context":"https:\/\/schema.org","@graph":[{"@type":"WebPage","@id":"https:\/\/www.malagaluxproperties.com\/es\/quienes-somos\/","url":"https:\/\/www.malagaluxproperties.com\/es\/quienes-somos\/","name":"Nosotros - M&aacute;laga Lux Homes","isPartOf":{"@id":"https:\/\/www.malagaluxproperties.com\/es\/#website"},"datePublished":"2024-11-14T10:02:37+00:00","dateModified":"2024-11-14T10:17:33+00:00","breadcrumb":{"@id":"https:\/\/www.malagaluxproperties.com\/es\/quienes-somos\/#breadcrumb"},"inLanguage":"es","potentialAction":[{"@type":"ReadAction","target":["https:\/\/www.malagaluxproperties.com\/es\/quienes-somos\/"]}]},{"@type":"BreadcrumbList","@id":"https:\/\/www.malagaluxproperties.com\/es\/quienes-somos\/#breadcrumb","itemListElement":[{"@type":"ListItem","position":1,"name":"Portada","item":"https:\/\/www.malagaluxproperties.com\/es\/inicio\/"},{"@type":"ListItem","position":2,"name":"Nosotros"}]},{"@type":"WebSite","@id":"https:\/\/www.malagaluxproperties.com\/es\/#website","url":"https:\/\/www.malagaluxproperties.com\/es\/","name":"M\u00e1laga Lux Properties","description":"Luxury Properties in M&aacute;laga","publisher":{"@id":"https:\/\/www.malagaluxproperties.com\/es\/#organization"},"potentialAction":[{"@type":"SearchAction","target":{"@type":"EntryPoint","urlTemplate":"https:\/\/www.malagaluxproperties.com\/es\/?s={search_term_string}"},"query-input":{"@type":"PropertyValueSpecification","valueRequired":true,"valueName":"search_term_string"}}],"inLanguage":"es"},{"@type":"Organization","@id":"https:\/\/www.malagaluxproperties.com\/es\/#organization","name":"M\u00e1laga Lux Properties","url":"https:\/\/www.malagaluxproperties.com\/es\/","logo":{"@type":"ImageObject","inLanguage":"es","@id":"https:\/\/www.malagaluxproperties.com\/es\/#\/schema\/logo\/image\/","url":"https:\/\/www.malagaluxproperties.com\/wp-content\/uploads\/2024\/10\/logo-mluxp-2.png","contentUrl":"https:\/\/www.malagaluxproperties.com\/wp-content\/uploads\/2024\/10\/logo-mluxp-2.png","width":455,"height":629,"caption":"M\u00e1laga Lux Properties"},"image":{"@id":"https:\/\/www.malagaluxproperties.com\/es\/#\/schema\/logo\/image\/"}}]}},"_links":{"self":[{"href":"https:\/\/www.malagaluxproperties.com\/es\/wp-json\/wp\/v2\/pages\/2686","targetHints":{"allow":["GET"]}}],"collection":[{"href":"https:\/\/www.malagaluxproperties.com\/es\/wp-json\/wp\/v2\/pages"}],"about":[{"href":"https:\/\/www.malagaluxproperties.com\/es\/wp-json\/wp\/v2\/types\/page"}],"author":[{"embeddable":true,"href":"https:\/\/www.malagaluxproperties.com\/es\/wp-json\/wp\/v2\/users\/3"}],"replies":[{"embeddable":true,"href":"https:\/\/www.malagaluxproperties.com\/es\/wp-json\/wp\/v2\/comments?post=2686"}],"version-history":[{"count":5,"href":"https:\/\/www.malagaluxproperties.com\/es\/wp-json\/wp\/v2\/pages\/2686\/revisions"}],"predecessor-version":[{"id":2692,"href":"https:\/\/www.malagaluxproperties.com\/es\/wp-json\/wp\/v2\/pages\/2686\/revisions\/2692"}],"wp:attachment":[{"href":"https:\/\/www.malagaluxproperties.com\/es\/wp-json\/wp\/v2\/media?parent=2686"}],"curies":[{"name":"wp","href":"https:\/\/api.w.org\/{rel}","templated":true}]}}