{"id":1946,"date":"2024-10-17T10:17:18","date_gmt":"2024-10-17T10:17:18","guid":{"rendered":"https:\/\/www.malagaluxproperties.com\/politica-de-cookies\/"},"modified":"2024-10-24T06:23:00","modified_gmt":"2024-10-24T06:23:00","slug":"politica-de-cookies","status":"publish","type":"page","link":"https:\/\/www.malagaluxproperties.com\/es\/politica-de-cookies\/","title":{"rendered":"Pol\u00edtica de cookies"},"content":{"rendered":"<p>[et_pb_section fb_built=\u00bb1&#8243; theme_builder_area=\u00bbpost_content\u00bb _builder_version=\u00bb4.27.2&#8243; _module_preset=\u00bbdefault\u00bb][et_pb_row _builder_version=\u00bb4.27.2&#8243; _module_preset=\u00bbdefault\u00bb theme_builder_area=\u00bbpost_content\u00bb][et_pb_column _builder_version=\u00bb4.27.2&#8243; _module_preset=\u00bbdefault\u00bb type=\u00bb4_4&#8243; theme_builder_area=\u00bbpost_content\u00bb][et_pb_text _builder_version=\u00bb4.27.2&#8243; _module_preset=\u00bbdefault\u00bb theme_builder_area=\u00bbpost_content\u00bb header_font=\u00bbPlayfair Display|600|||||||\u00bb hover_enabled=\u00bb0&#8243; sticky_enabled=\u00bb0&#8243; header_3_font=\u00bbPlayfair Display|600|||||||\u00bb]<\/p>\n<h1>Pol\u00edtica de cookies<\/h1>\n<p><strong>\u00daltima actualizaci\u00f3n: 18\/10\/2024<\/strong><\/p>\n<p>En <strong>M\u00e1laga Lux Properties<\/strong>, utilizamos cookies para mejorar su experiencia de navegaci\u00f3n y analizar el tr\u00e1fico del sitio web en cumplimiento de la GDPR. Al visitar y utilizar nuestro sitio web, le pedimos que acepte o rechace las cookies no esenciales a trav\u00e9s de un banner de cookies emergente. <\/p>\n<h3>1. \u00bfQu\u00e9 son las cookies?<\/h3>\n<p>Las cookies son peque\u00f1os archivos que se almacenan en su dispositivo mientras navega por nuestro sitio web. Nos permiten recopilar informaci\u00f3n sobre su actividad en el sitio, personalizar su experiencia y mostrar anuncios relevantes. <\/p>\n<h3>2. Tipos de cookies que utilizamos<\/h3>\n<ul>\n<li style=\"list-style-type: none;\">\n<ul>\n<li><strong>Cookies necesarias:<\/strong> Estas cookies son esenciales para que el sitio web funcione correctamente. No requieren consentimiento previo. <\/li>\n<li><strong>Cookies anal\u00edticas:<\/strong> Utilizamos Google Analytics para recopilar informaci\u00f3n anonimizada sobre c\u00f3mo interact\u00faan los usuarios con nuestro sitio web. Obtendremos su consentimiento expl\u00edcito antes de activar estas cookies. <\/li>\n<li><strong>Cookies publicitarias:<\/strong> Google Adsense puede instalar cookies para mostrarte anuncios personalizados basados en tu historial de navegaci\u00f3n. Estas cookies tambi\u00e9n requieren su consentimiento. <\/li>\n<\/ul>\n<\/li>\n<\/ul>\n<h3>3. Gesti\u00f3n de cookies<\/h3>\n<p>Puede <strong>aceptar<\/strong> o <strong>rechazar<\/strong> las cookies no esenciales a trav\u00e9s del banner de cookies que aparece cuando visita nuestro sitio web. Tambi\u00e9n puede gestionar las cookies directamente desde la configuraci\u00f3n de su navegador. <\/p>\n<p><strong>4. Cookies de terceros<\/strong><\/p>\n<p>Las cookies de terceros, como Google Analytics y Google Adsense, son gestionadas por <strong>Google, Inc<\/strong>. que tiene su sede fuera de la UE. No obstante, Google garantiza una protecci\u00f3n de datos adecuada en virtud de las Cl\u00e1usulas Contractuales Tipo de la Comisi\u00f3n Europea. <\/p>\n<h3>5. Cambios en la pol\u00edtica de cookies<\/h3>\n<p>Nos reservamos el derecho a modificar esta pol\u00edtica cuando sea necesario. Cualquier cambio se comunicar\u00e1 a trav\u00e9s de esta p\u00e1gina y entrar\u00e1 en vigor inmediatamente despu\u00e9s de su publicaci\u00f3n. <\/p>\n<p>[\/et_pb_text][\/et_pb_column][\/et_pb_row][\/et_pb_section]<\/p>\n","protected":false},"excerpt":{"rendered":"<p>Pol\u00edtica de cookies \u00daltima actualizaci\u00f3n: 18\/10\/2024 En M\u00e1laga Lux Properties, utilizamos cookies para mejorar su experiencia de navegaci\u00f3n y analizar el tr\u00e1fico del sitio web en cumplimiento de la GDPR. Al visitar y utilizar nuestro sitio web, le pedimos que acepte o rechace las cookies no esenciales a trav\u00e9s de un banner de cookies emergente. [&hellip;]<\/p>\n","protected":false},"author":1,"featured_media":0,"parent":0,"menu_order":0,"comment_status":"closed","ping_status":"closed","template":"","meta":{"_et_pb_use_builder":"on","_et_pb_old_content":"","_et_gb_content_width":"","_monsterinsights_skip_tracking":false,"_monsterinsights_sitenote_active":false,"_monsterinsights_sitenote_note":"","_monsterinsights_sitenote_category":0,"footnotes":""},"class_list":["post-1946","page","type-page","status-publish","hentry"],"yoast_head":"<!-- This site is optimized with the Yoast SEO plugin v27.4 - https:\/\/yoast.com\/product\/yoast-seo-wordpress\/ -->\n<title>Pol\u00edtica de cookies - M&aacute;laga Lux Homes<\/title>\n<meta name=\"robots\" content=\"index, follow, max-snippet:-1, max-image-preview:large, max-video-preview:-1\" \/>\n<link rel=\"canonical\" href=\"https:\/\/www.malagaluxproperties.com\/es\/politica-de-cookies\/\" \/>\n<meta property=\"og:locale\" content=\"es_ES\" \/>\n<meta property=\"og:type\" content=\"article\" \/>\n<meta property=\"og:title\" content=\"Pol\u00edtica de cookies - M&aacute;laga Lux Homes\" \/>\n<meta property=\"og:description\" content=\"Pol\u00edtica de cookies \u00daltima actualizaci\u00f3n: 18\/10\/2024 En M\u00e1laga Lux Properties, utilizamos cookies para mejorar su experiencia de navegaci\u00f3n y analizar el tr\u00e1fico del sitio web en cumplimiento de la GDPR. Al visitar y utilizar nuestro sitio web, le pedimos que acepte o rechace las cookies no esenciales a trav\u00e9s de un banner de cookies emergente. [&hellip;]\" \/>\n<meta property=\"og:url\" content=\"https:\/\/www.malagaluxproperties.com\/es\/politica-de-cookies\/\" \/>\n<meta property=\"og:site_name\" content=\"M&aacute;laga Lux Homes\" \/>\n<meta property=\"article:modified_time\" content=\"2024-10-24T06:23:00+00:00\" \/>\n<meta property=\"og:image\" content=\"https:\/\/www.malagaluxproperties.com\/wp-content\/uploads\/2024\/10\/MLP-mockup.jpg\" \/>\n\t<meta property=\"og:image:width\" content=\"2000\" \/>\n\t<meta property=\"og:image:height\" content=\"1133\" \/>\n\t<meta property=\"og:image:type\" content=\"image\/jpeg\" \/>\n<meta name=\"twitter:card\" content=\"summary_large_image\" \/>\n<meta name=\"twitter:label1\" content=\"Tiempo de lectura\" \/>\n\t<meta name=\"twitter:data1\" content=\"2 minutos\" \/>\n<script type=\"application\/ld+json\" class=\"yoast-schema-graph\">{\"@context\":\"https:\\\/\\\/schema.org\",\"@graph\":[{\"@type\":\"WebPage\",\"@id\":\"https:\\\/\\\/www.malagaluxproperties.com\\\/es\\\/politica-de-cookies\\\/\",\"url\":\"https:\\\/\\\/www.malagaluxproperties.com\\\/es\\\/politica-de-cookies\\\/\",\"name\":\"Pol\u00edtica de cookies - M&aacute;laga Lux Homes\",\"isPartOf\":{\"@id\":\"https:\\\/\\\/www.malagaluxproperties.com\\\/es\\\/#website\"},\"datePublished\":\"2024-10-17T10:17:18+00:00\",\"dateModified\":\"2024-10-24T06:23:00+00:00\",\"breadcrumb\":{\"@id\":\"https:\\\/\\\/www.malagaluxproperties.com\\\/es\\\/politica-de-cookies\\\/#breadcrumb\"},\"inLanguage\":\"es\",\"potentialAction\":[{\"@type\":\"ReadAction\",\"target\":[\"https:\\\/\\\/www.malagaluxproperties.com\\\/es\\\/politica-de-cookies\\\/\"]}]},{\"@type\":\"BreadcrumbList\",\"@id\":\"https:\\\/\\\/www.malagaluxproperties.com\\\/es\\\/politica-de-cookies\\\/#breadcrumb\",\"itemListElement\":[{\"@type\":\"ListItem\",\"position\":1,\"name\":\"Portada\",\"item\":\"https:\\\/\\\/www.malagaluxproperties.com\\\/es\\\/inicio\\\/\"},{\"@type\":\"ListItem\",\"position\":2,\"name\":\"Pol\u00edtica de cookies\"}]},{\"@type\":\"WebSite\",\"@id\":\"https:\\\/\\\/www.malagaluxproperties.com\\\/es\\\/#website\",\"url\":\"https:\\\/\\\/www.malagaluxproperties.com\\\/es\\\/\",\"name\":\"M\u00e1laga Lux Properties\",\"description\":\"Luxury Properties in M&aacute;laga\",\"publisher\":{\"@id\":\"https:\\\/\\\/www.malagaluxproperties.com\\\/es\\\/#organization\"},\"potentialAction\":[{\"@type\":\"SearchAction\",\"target\":{\"@type\":\"EntryPoint\",\"urlTemplate\":\"https:\\\/\\\/www.malagaluxproperties.com\\\/es\\\/?s={search_term_string}\"},\"query-input\":{\"@type\":\"PropertyValueSpecification\",\"valueRequired\":true,\"valueName\":\"search_term_string\"}}],\"inLanguage\":\"es\"},{\"@type\":\"Organization\",\"@id\":\"https:\\\/\\\/www.malagaluxproperties.com\\\/es\\\/#organization\",\"name\":\"M\u00e1laga Lux Properties\",\"url\":\"https:\\\/\\\/www.malagaluxproperties.com\\\/es\\\/\",\"logo\":{\"@type\":\"ImageObject\",\"inLanguage\":\"es\",\"@id\":\"https:\\\/\\\/www.malagaluxproperties.com\\\/es\\\/#\\\/schema\\\/logo\\\/image\\\/\",\"url\":\"https:\\\/\\\/www.malagaluxproperties.com\\\/wp-content\\\/uploads\\\/2024\\\/10\\\/logo-mluxp-2.png\",\"contentUrl\":\"https:\\\/\\\/www.malagaluxproperties.com\\\/wp-content\\\/uploads\\\/2024\\\/10\\\/logo-mluxp-2.png\",\"width\":455,\"height\":629,\"caption\":\"M\u00e1laga Lux Properties\"},\"image\":{\"@id\":\"https:\\\/\\\/www.malagaluxproperties.com\\\/es\\\/#\\\/schema\\\/logo\\\/image\\\/\"}}]}<\/script>\n<!-- \/ Yoast SEO plugin. -->","yoast_head_json":{"title":"Pol\u00edtica de cookies - M&aacute;laga Lux Homes","robots":{"index":"index","follow":"follow","max-snippet":"max-snippet:-1","max-image-preview":"max-image-preview:large","max-video-preview":"max-video-preview:-1"},"canonical":"https:\/\/www.malagaluxproperties.com\/es\/politica-de-cookies\/","og_locale":"es_ES","og_type":"article","og_title":"Pol\u00edtica de cookies - M&aacute;laga Lux Homes","og_description":"Pol\u00edtica de cookies \u00daltima actualizaci\u00f3n: 18\/10\/2024 En M\u00e1laga Lux Properties, utilizamos cookies para mejorar su experiencia de navegaci\u00f3n y analizar el tr\u00e1fico del sitio web en cumplimiento de la GDPR. Al visitar y utilizar nuestro sitio web, le pedimos que acepte o rechace las cookies no esenciales a trav\u00e9s de un banner de cookies emergente. [&hellip;]","og_url":"https:\/\/www.malagaluxproperties.com\/es\/politica-de-cookies\/","og_site_name":"M&aacute;laga Lux Homes","article_modified_time":"2024-10-24T06:23:00+00:00","og_image":[{"width":2000,"height":1133,"url":"https:\/\/www.malagaluxproperties.com\/wp-content\/uploads\/2024\/10\/MLP-mockup.jpg","type":"image\/jpeg"}],"twitter_card":"summary_large_image","twitter_misc":{"Tiempo de lectura":"2 minutos"},"schema":{"@context":"https:\/\/schema.org","@graph":[{"@type":"WebPage","@id":"https:\/\/www.malagaluxproperties.com\/es\/politica-de-cookies\/","url":"https:\/\/www.malagaluxproperties.com\/es\/politica-de-cookies\/","name":"Pol\u00edtica de cookies - M&aacute;laga Lux Homes","isPartOf":{"@id":"https:\/\/www.malagaluxproperties.com\/es\/#website"},"datePublished":"2024-10-17T10:17:18+00:00","dateModified":"2024-10-24T06:23:00+00:00","breadcrumb":{"@id":"https:\/\/www.malagaluxproperties.com\/es\/politica-de-cookies\/#breadcrumb"},"inLanguage":"es","potentialAction":[{"@type":"ReadAction","target":["https:\/\/www.malagaluxproperties.com\/es\/politica-de-cookies\/"]}]},{"@type":"BreadcrumbList","@id":"https:\/\/www.malagaluxproperties.com\/es\/politica-de-cookies\/#breadcrumb","itemListElement":[{"@type":"ListItem","position":1,"name":"Portada","item":"https:\/\/www.malagaluxproperties.com\/es\/inicio\/"},{"@type":"ListItem","position":2,"name":"Pol\u00edtica de cookies"}]},{"@type":"WebSite","@id":"https:\/\/www.malagaluxproperties.com\/es\/#website","url":"https:\/\/www.malagaluxproperties.com\/es\/","name":"M\u00e1laga Lux Properties","description":"Luxury Properties in M&aacute;laga","publisher":{"@id":"https:\/\/www.malagaluxproperties.com\/es\/#organization"},"potentialAction":[{"@type":"SearchAction","target":{"@type":"EntryPoint","urlTemplate":"https:\/\/www.malagaluxproperties.com\/es\/?s={search_term_string}"},"query-input":{"@type":"PropertyValueSpecification","valueRequired":true,"valueName":"search_term_string"}}],"inLanguage":"es"},{"@type":"Organization","@id":"https:\/\/www.malagaluxproperties.com\/es\/#organization","name":"M\u00e1laga Lux Properties","url":"https:\/\/www.malagaluxproperties.com\/es\/","logo":{"@type":"ImageObject","inLanguage":"es","@id":"https:\/\/www.malagaluxproperties.com\/es\/#\/schema\/logo\/image\/","url":"https:\/\/www.malagaluxproperties.com\/wp-content\/uploads\/2024\/10\/logo-mluxp-2.png","contentUrl":"https:\/\/www.malagaluxproperties.com\/wp-content\/uploads\/2024\/10\/logo-mluxp-2.png","width":455,"height":629,"caption":"M\u00e1laga Lux Properties"},"image":{"@id":"https:\/\/www.malagaluxproperties.com\/es\/#\/schema\/logo\/image\/"}}]}},"_links":{"self":[{"href":"https:\/\/www.malagaluxproperties.com\/es\/wp-json\/wp\/v2\/pages\/1946","targetHints":{"allow":["GET"]}}],"collection":[{"href":"https:\/\/www.malagaluxproperties.com\/es\/wp-json\/wp\/v2\/pages"}],"about":[{"href":"https:\/\/www.malagaluxproperties.com\/es\/wp-json\/wp\/v2\/types\/page"}],"author":[{"embeddable":true,"href":"https:\/\/www.malagaluxproperties.com\/es\/wp-json\/wp\/v2\/users\/1"}],"replies":[{"embeddable":true,"href":"https:\/\/www.malagaluxproperties.com\/es\/wp-json\/wp\/v2\/comments?post=1946"}],"version-history":[{"count":2,"href":"https:\/\/www.malagaluxproperties.com\/es\/wp-json\/wp\/v2\/pages\/1946\/revisions"}],"predecessor-version":[{"id":1948,"href":"https:\/\/www.malagaluxproperties.com\/es\/wp-json\/wp\/v2\/pages\/1946\/revisions\/1948"}],"wp:attachment":[{"href":"https:\/\/www.malagaluxproperties.com\/es\/wp-json\/wp\/v2\/media?parent=1946"}],"curies":[{"name":"wp","href":"https:\/\/api.w.org\/{rel}","templated":true}]}}