{"id":1920,"date":"2024-10-18T11:08:35","date_gmt":"2024-10-18T11:08:35","guid":{"rendered":"https:\/\/www.malagaluxproperties.com\/tierras\/"},"modified":"2024-10-23T15:11:56","modified_gmt":"2024-10-23T15:11:56","slug":"tierras","status":"publish","type":"page","link":"https:\/\/www.malagaluxproperties.com\/es\/tierras\/","title":{"rendered":"Tierras"},"content":{"rendered":"<p>[et_pb_section fb_built=\u00bb1&#8243; admin_label=\u00bbHeader\u00bb _builder_version=\u00bb4.27.2&#8243; _module_preset=\u00bbdefault\u00bb background_color=\u00bb#1c1c1c\u00bb background_image=\u00bbhttps:\/\/www.malagaluxproperties.com\/wp-content\/uploads\/2024\/10\/lands-portada.jpg\u00bb background_size=\u00bbcustom\u00bb background_image_width=\u00bb50%\u00bb background_position=\u00bbtop_left\u00bb overflow-x=\u00bbhidden\u00bb overflow-y=\u00bbhidden\u00bb custom_padding=\u00bb10%||10%||true|false\u00bb hover_enabled=\u00bb0&#8243; background_last_edited=\u00bbon|phone\u00bb background_size_tablet=\u00bbcover\u00bb background_position_tablet=\u00bbcenter\u00bb locked=\u00bboff\u00bb collapsed=\u00bboff\u00bb global_colors_info=\u00bb{}\u00bb theme_builder_area=\u00bbpost_content\u00bb title_text=\u00bblands-portada\u00bb sticky_enabled=\u00bb0&#8243;][et_pb_row column_structure=\u00bb2_3,1_3&#8243; use_custom_gutter=\u00bbon\u00bb gutter_width=\u00bb1&#8243; _builder_version=\u00bb4.27.2&#8243; _module_preset=\u00bbdefault\u00bb z_index=\u00bb10&#8243; custom_padding=\u00bb0px||0px||true|false\u00bb global_colors_info=\u00bb{}\u00bb theme_builder_area=\u00bbpost_content\u00bb][et_pb_column type=\u00bb2_3&#8243; _builder_version=\u00bb4.27.2&#8243; _module_preset=\u00bbdefault\u00bb background_color=\u00bbrgba(245,245,245,0.8)\u00bb custom_padding=\u00bb50px|50px|50px|50px|true|true\u00bb custom_padding_tablet=\u00bb30px|30px|30px|30px|true|true\u00bb custom_padding_phone=\u00bb20px|20px|20px|20px|true|true\u00bb custom_padding_last_edited=\u00bbon|desktop\u00bb global_colors_info=\u00bb{}\u00bb theme_builder_area=\u00bbpost_content\u00bb][et_pb_text _builder_version=\u00bb4.27.2&#8243; _module_preset=\u00bbe6504a1b-67eb-4b3d-b023-bcab277610b6&#8243; header_4_font=\u00bbUbuntu|700||on|||||\u00bb header_4_text_color=\u00bb#d4af37&#8243; header_4_font_size=\u00bb14px\u00bb header_4_line_height=\u00bb1.5em\u00bb custom_margin=\u00bb||0px||false|false\u00bb hover_enabled=\u00bb0&#8243; global_colors_info=\u00bb{}\u00bb theme_builder_area=\u00bbpost_content\u00bb sticky_enabled=\u00bb0&#8243;]<\/p>\n<h4>Tierras<\/h4>\n<p>[\/et_pb_text][et_pb_text _builder_version=\u00bb4.27.2&#8243; _module_preset=\u00bbc16985e1-e0d6-4022-964d-e2bfc04fa633&#8243; header_font=\u00bbPlayfair Display|700|||||||\u00bb header_text_color=\u00bb#000000&#8243; header_font_size=\u00bb75px\u00bb header_line_height=\u00bb1.1em\u00bb hover_enabled=\u00bb0&#8243; header_font_size_tablet=\u00bb40px\u00bb header_font_size_phone=\u00bb24px\u00bb header_font_size_last_edited=\u00bbon|desktop\u00bb global_colors_info=\u00bb{}\u00bb theme_builder_area=\u00bbpost_content\u00bb sticky_enabled=\u00bb0&#8243;]<\/p>\n<h1>Encuentra el terreno que deseas<\/h1>\n<p>[\/et_pb_text][\/et_pb_column][et_pb_column type=\u00bb1_3&#8243; _builder_version=\u00bb4.27.2&#8243; _module_preset=\u00bbdefault\u00bb background_color=\u00bb#d4af37&#8243; transform_scale_tablet=\u00bb\u00bb transform_scale_phone=\u00bb\u00bb transform_scale_last_edited=\u00bbon|desktop\u00bb transform_translate=\u00bb0px|15%\u00bb transform_translate_tablet=\u00bb0px|10%\u00bb transform_translate_phone=\u00bb0px|10%\u00bb transform_translate_last_edited=\u00bbon|tablet\u00bb transform_translate_linked=\u00bboff\u00bb transform_rotate_tablet=\u00bb\u00bb transform_rotate_phone=\u00bb\u00bb transform_rotate_last_edited=\u00bbon|desktop\u00bb transform_skew_tablet=\u00bb\u00bb transform_skew_phone=\u00bb\u00bb transform_skew_last_edited=\u00bbon|desktop\u00bb transform_origin_tablet=\u00bb\u00bb transform_origin_phone=\u00bb\u00bb transform_origin_last_edited=\u00bbon|desktop\u00bb transform_styles_last_edited=\u00bbon|tablet\u00bb custom_padding=\u00bb50px|50px|50px|50px|true|true\u00bb custom_padding_tablet=\u00bb30px|30px|30px|30px|true|true\u00bb custom_padding_phone=\u00bb20px|20px|20px|20px|true|true\u00bb custom_padding_last_edited=\u00bbon|phone\u00bb transform_styles_tablet=\u00bb\u00bb transform_styles_phone=\u00bb\u00bb global_colors_info=\u00bb{}\u00bb theme_builder_area=\u00bbpost_content\u00bb][et_pb_text _builder_version=\u00bb4.27.2&#8243; _module_preset=\u00bb518880c8-46c7-4ffa-b5a6-93ffa99dcc17&#8243; text_font=\u00bb&#8211;et_global_body_font||||||||\u00bb text_text_color=\u00bb#FFFFFF\u00bb text_font_size=\u00bb18px\u00bb text_line_height=\u00bb1.6em\u00bb link_text_color=\u00bb#7090AE\u00bb custom_margin=\u00bb||30px||false|false\u00bb text_font_size_tablet=\u00bb16px\u00bb text_font_size_phone=\u00bb14px\u00bb text_font_size_last_edited=\u00bbon|phone\u00bb global_colors_info=\u00bb{}\u00bb theme_builder_area=\u00bbpost_content\u00bb]<\/p>\n<p>En <strong>M\u00e1laga Lux Properties<\/strong>, entendemos que cada propiedad de lujo es \u00fanica y, por ello, cuidamos cada detalle con el m\u00e1ximo esmero. Nuestro compromiso con la excelencia se refleja en la <strong>calidad superior de las propiedades que ofrecemos<\/strong>, desde su dise\u00f1o arquitect\u00f3nico hasta los acabados m\u00e1s exclusivos. <\/p>\n<p>[\/et_pb_text][et_pb_button button_url=\u00bb#listings\u00bb button_text=\u00bbSaber m\u00e1s\u00bb _builder_version=\u00bb4.27.2&#8243; _module_preset=\u00bb3117bc07-6a8a-4679-b3bb-b6ed74b48a2f\u00bb custom_button=\u00bbon\u00bb button_text_size=\u00bb14px\u00bb button_text_color=\u00bb#d4af37&#8243; button_bg_color=\u00bb#E6EEF2&#8243; button_border_width=\u00bb0px\u00bb button_border_radius=\u00bb0px\u00bb button_font=\u00bbUbuntu|700||on|||||\u00bb custom_padding=\u00bb16px|24px|16px|24px|true|true\u00bb global_colors_info=\u00bb{}\u00bb theme_builder_area=\u00bbpost_content\u00bb][\/et_pb_button][\/et_pb_column][\/et_pb_row][\/et_pb_section][et_pb_section fb_built=\u00bb1&#8243; admin_label=\u00bbListings\u00bb module_id=\u00bblistados\u00bb _builder_version=\u00bb4.27.2&#8243; _module_preset=\u00bbdefault\u00bb background_color=\u00bb#1c1c1c\u00bb background_image=\u00bbhttps:\/\/www.malagaluxproperties.com\/wp-content\/uploads\/2024\/10\/real-estate-42.png\u00bb background_size=\u00bbcustom\u00bb background_image_width=\u00bb90%\u00bb background_position=\u00bbbottom_right\u00bb locked=\u00bboff\u00bb collapsed=\u00bbon\u00bb global_colors_info=\u00bb{}\u00bb theme_builder_area=\u00bbpost_content\u00bb][et_pb_row _builder_version=\u00bb4.18.0&#8243; _module_preset=\u00bbdefault\u00bb custom_padding=\u00bb||0px||false|false\u00bb global_colors_info=\u00bb{}\u00bb theme_builder_area=\u00bbpost_content\u00bb][et_pb_column type=\u00bb4_4&#8243; _builder_version=\u00bb4.18.0&#8243; _module_preset=\u00bbdefault\u00bb global_colors_info=\u00bb{}\u00bb theme_builder_area=\u00bbpost_content\u00bb][et_pb_text _builder_version=\u00bb4.27.2&#8243; _module_preset=\u00bbe6504a1b-67eb-4b3d-b023-bcab277610b6&#8243; header_4_font=\u00bbUbuntu|700||on|||||\u00bb header_4_text_color=\u00bb#d4af37&#8243; header_4_font_size=\u00bb14px\u00bb header_4_line_height=\u00bb1.5em\u00bb custom_margin=\u00bb||0px||false|false\u00bb hover_enabled=\u00bb0&#8243; global_colors_info=\u00bb{}\u00bb theme_builder_area=\u00bbpost_content\u00bb sticky_enabled=\u00bb0&#8243;]<\/p>\n<h4>Tierras<\/h4>\n<p>[\/et_pb_text][\/et_pb_column][\/et_pb_row][et_pb_row _builder_version=\u00bb4.27.2&#8243; _module_preset=\u00bbdefault\u00bb hover_enabled=\u00bb0&#8243; global_colors_info=\u00bb{}\u00bb theme_builder_area=\u00bbpost_content\u00bb sticky_enabled=\u00bb0&#8243;][et_pb_column type=\u00bb4_4&#8243; _builder_version=\u00bb4.18.0&#8243; _module_preset=\u00bbdefault\u00bb global_colors_info=\u00bb{}\u00bb theme_builder_area=\u00bbpost_content\u00bb][et_pb_text _builder_version=\u00bb4.27.2&#8243; _module_preset=\u00bbb327cbe4-b1d5-4b66-ad37-40c8f2f061ba\u00bb header_2_font=\u00bbPlayfair Display|700|||||||\u00bb header_2_text_color=\u00bb#FFFFFF\u00bb header_2_font_size=\u00bb45px\u00bb header_2_line_height=\u00bb1.35em\u00bb hover_enabled=\u00bb0&#8243; header_2_font_size_tablet=\u00bb32px\u00bb header_2_font_size_phone=\u00bb28px\u00bb header_2_font_size_last_edited=\u00bbon|desktop\u00bb global_colors_info=\u00bb{}\u00bb theme_builder_area=\u00bbpost_content\u00bb sticky_enabled=\u00bb0&#8243;]<\/p>\n<h2>Terrenos en venta<\/h2>\n<p>[\/et_pb_text][\/et_pb_column][\/et_pb_row][\/et_pb_section]<\/p>\n","protected":false},"excerpt":{"rendered":"<p>TierrasEncuentra el terreno que deseasEn M\u00e1laga Lux Properties, entendemos que cada propiedad de lujo es \u00fanica y, por ello, cuidamos cada detalle con el m\u00e1ximo esmero. Nuestro compromiso con la excelencia se refleja en la calidad superior de las propiedades que ofrecemos, desde su dise\u00f1o arquitect\u00f3nico hasta los acabados m\u00e1s exclusivos. TierrasTerrenos en venta<\/p>\n","protected":false},"author":1,"featured_media":0,"parent":0,"menu_order":0,"comment_status":"closed","ping_status":"closed","template":"","meta":{"_et_pb_use_builder":"on","_et_pb_old_content":"","_et_gb_content_width":"","_monsterinsights_skip_tracking":false,"_monsterinsights_sitenote_active":false,"_monsterinsights_sitenote_note":"","_monsterinsights_sitenote_category":0,"footnotes":""},"class_list":["post-1920","page","type-page","status-publish","hentry"],"yoast_head":"<!-- This site is optimized with the Yoast SEO plugin v27.4 - https:\/\/yoast.com\/product\/yoast-seo-wordpress\/ -->\n<title>Tierras - M&aacute;laga Lux Homes<\/title>\n<meta name=\"robots\" content=\"index, follow, max-snippet:-1, max-image-preview:large, max-video-preview:-1\" \/>\n<link rel=\"canonical\" href=\"https:\/\/www.malagaluxproperties.com\/es\/tierras\/\" \/>\n<meta property=\"og:locale\" content=\"es_ES\" \/>\n<meta property=\"og:type\" content=\"article\" \/>\n<meta property=\"og:title\" content=\"Tierras - M&aacute;laga Lux Homes\" \/>\n<meta property=\"og:description\" content=\"TierrasEncuentra el terreno que deseasEn M\u00e1laga Lux Properties, entendemos que cada propiedad de lujo es \u00fanica y, por ello, cuidamos cada detalle con el m\u00e1ximo esmero. Nuestro compromiso con la excelencia se refleja en la calidad superior de las propiedades que ofrecemos, desde su dise\u00f1o arquitect\u00f3nico hasta los acabados m\u00e1s exclusivos. TierrasTerrenos en venta\" \/>\n<meta property=\"og:url\" content=\"https:\/\/www.malagaluxproperties.com\/es\/tierras\/\" \/>\n<meta property=\"og:site_name\" content=\"M&aacute;laga Lux Homes\" \/>\n<meta property=\"article:modified_time\" content=\"2024-10-23T15:11:56+00:00\" \/>\n<meta property=\"og:image\" content=\"https:\/\/www.malagaluxproperties.com\/wp-content\/uploads\/2024\/10\/MLP-mockup.jpg\" \/>\n\t<meta property=\"og:image:width\" content=\"2000\" \/>\n\t<meta property=\"og:image:height\" content=\"1133\" \/>\n\t<meta property=\"og:image:type\" content=\"image\/jpeg\" \/>\n<meta name=\"twitter:card\" content=\"summary_large_image\" \/>\n<meta name=\"twitter:label1\" content=\"Tiempo de lectura\" \/>\n\t<meta name=\"twitter:data1\" content=\"4 minutos\" \/>\n<script type=\"application\/ld+json\" class=\"yoast-schema-graph\">{\"@context\":\"https:\\\/\\\/schema.org\",\"@graph\":[{\"@type\":\"WebPage\",\"@id\":\"https:\\\/\\\/www.malagaluxproperties.com\\\/es\\\/tierras\\\/\",\"url\":\"https:\\\/\\\/www.malagaluxproperties.com\\\/es\\\/tierras\\\/\",\"name\":\"Tierras - M&aacute;laga Lux Homes\",\"isPartOf\":{\"@id\":\"https:\\\/\\\/www.malagaluxproperties.com\\\/es\\\/#website\"},\"datePublished\":\"2024-10-18T11:08:35+00:00\",\"dateModified\":\"2024-10-23T15:11:56+00:00\",\"breadcrumb\":{\"@id\":\"https:\\\/\\\/www.malagaluxproperties.com\\\/es\\\/tierras\\\/#breadcrumb\"},\"inLanguage\":\"es\",\"potentialAction\":[{\"@type\":\"ReadAction\",\"target\":[\"https:\\\/\\\/www.malagaluxproperties.com\\\/es\\\/tierras\\\/\"]}]},{\"@type\":\"BreadcrumbList\",\"@id\":\"https:\\\/\\\/www.malagaluxproperties.com\\\/es\\\/tierras\\\/#breadcrumb\",\"itemListElement\":[{\"@type\":\"ListItem\",\"position\":1,\"name\":\"Portada\",\"item\":\"https:\\\/\\\/www.malagaluxproperties.com\\\/es\\\/inicio\\\/\"},{\"@type\":\"ListItem\",\"position\":2,\"name\":\"Tierras\"}]},{\"@type\":\"WebSite\",\"@id\":\"https:\\\/\\\/www.malagaluxproperties.com\\\/es\\\/#website\",\"url\":\"https:\\\/\\\/www.malagaluxproperties.com\\\/es\\\/\",\"name\":\"M\u00e1laga Lux Properties\",\"description\":\"Luxury Properties in M&aacute;laga\",\"publisher\":{\"@id\":\"https:\\\/\\\/www.malagaluxproperties.com\\\/es\\\/#organization\"},\"potentialAction\":[{\"@type\":\"SearchAction\",\"target\":{\"@type\":\"EntryPoint\",\"urlTemplate\":\"https:\\\/\\\/www.malagaluxproperties.com\\\/es\\\/?s={search_term_string}\"},\"query-input\":{\"@type\":\"PropertyValueSpecification\",\"valueRequired\":true,\"valueName\":\"search_term_string\"}}],\"inLanguage\":\"es\"},{\"@type\":\"Organization\",\"@id\":\"https:\\\/\\\/www.malagaluxproperties.com\\\/es\\\/#organization\",\"name\":\"M\u00e1laga Lux Properties\",\"url\":\"https:\\\/\\\/www.malagaluxproperties.com\\\/es\\\/\",\"logo\":{\"@type\":\"ImageObject\",\"inLanguage\":\"es\",\"@id\":\"https:\\\/\\\/www.malagaluxproperties.com\\\/es\\\/#\\\/schema\\\/logo\\\/image\\\/\",\"url\":\"https:\\\/\\\/www.malagaluxproperties.com\\\/wp-content\\\/uploads\\\/2024\\\/10\\\/logo-mluxp-2.png\",\"contentUrl\":\"https:\\\/\\\/www.malagaluxproperties.com\\\/wp-content\\\/uploads\\\/2024\\\/10\\\/logo-mluxp-2.png\",\"width\":455,\"height\":629,\"caption\":\"M\u00e1laga Lux Properties\"},\"image\":{\"@id\":\"https:\\\/\\\/www.malagaluxproperties.com\\\/es\\\/#\\\/schema\\\/logo\\\/image\\\/\"}}]}<\/script>\n<!-- \/ Yoast SEO plugin. -->","yoast_head_json":{"title":"Tierras - M&aacute;laga Lux Homes","robots":{"index":"index","follow":"follow","max-snippet":"max-snippet:-1","max-image-preview":"max-image-preview:large","max-video-preview":"max-video-preview:-1"},"canonical":"https:\/\/www.malagaluxproperties.com\/es\/tierras\/","og_locale":"es_ES","og_type":"article","og_title":"Tierras - M&aacute;laga Lux Homes","og_description":"TierrasEncuentra el terreno que deseasEn M\u00e1laga Lux Properties, entendemos que cada propiedad de lujo es \u00fanica y, por ello, cuidamos cada detalle con el m\u00e1ximo esmero. Nuestro compromiso con la excelencia se refleja en la calidad superior de las propiedades que ofrecemos, desde su dise\u00f1o arquitect\u00f3nico hasta los acabados m\u00e1s exclusivos. TierrasTerrenos en venta","og_url":"https:\/\/www.malagaluxproperties.com\/es\/tierras\/","og_site_name":"M&aacute;laga Lux Homes","article_modified_time":"2024-10-23T15:11:56+00:00","og_image":[{"width":2000,"height":1133,"url":"https:\/\/www.malagaluxproperties.com\/wp-content\/uploads\/2024\/10\/MLP-mockup.jpg","type":"image\/jpeg"}],"twitter_card":"summary_large_image","twitter_misc":{"Tiempo de lectura":"4 minutos"},"schema":{"@context":"https:\/\/schema.org","@graph":[{"@type":"WebPage","@id":"https:\/\/www.malagaluxproperties.com\/es\/tierras\/","url":"https:\/\/www.malagaluxproperties.com\/es\/tierras\/","name":"Tierras - M&aacute;laga Lux Homes","isPartOf":{"@id":"https:\/\/www.malagaluxproperties.com\/es\/#website"},"datePublished":"2024-10-18T11:08:35+00:00","dateModified":"2024-10-23T15:11:56+00:00","breadcrumb":{"@id":"https:\/\/www.malagaluxproperties.com\/es\/tierras\/#breadcrumb"},"inLanguage":"es","potentialAction":[{"@type":"ReadAction","target":["https:\/\/www.malagaluxproperties.com\/es\/tierras\/"]}]},{"@type":"BreadcrumbList","@id":"https:\/\/www.malagaluxproperties.com\/es\/tierras\/#breadcrumb","itemListElement":[{"@type":"ListItem","position":1,"name":"Portada","item":"https:\/\/www.malagaluxproperties.com\/es\/inicio\/"},{"@type":"ListItem","position":2,"name":"Tierras"}]},{"@type":"WebSite","@id":"https:\/\/www.malagaluxproperties.com\/es\/#website","url":"https:\/\/www.malagaluxproperties.com\/es\/","name":"M\u00e1laga Lux Properties","description":"Luxury Properties in M&aacute;laga","publisher":{"@id":"https:\/\/www.malagaluxproperties.com\/es\/#organization"},"potentialAction":[{"@type":"SearchAction","target":{"@type":"EntryPoint","urlTemplate":"https:\/\/www.malagaluxproperties.com\/es\/?s={search_term_string}"},"query-input":{"@type":"PropertyValueSpecification","valueRequired":true,"valueName":"search_term_string"}}],"inLanguage":"es"},{"@type":"Organization","@id":"https:\/\/www.malagaluxproperties.com\/es\/#organization","name":"M\u00e1laga Lux Properties","url":"https:\/\/www.malagaluxproperties.com\/es\/","logo":{"@type":"ImageObject","inLanguage":"es","@id":"https:\/\/www.malagaluxproperties.com\/es\/#\/schema\/logo\/image\/","url":"https:\/\/www.malagaluxproperties.com\/wp-content\/uploads\/2024\/10\/logo-mluxp-2.png","contentUrl":"https:\/\/www.malagaluxproperties.com\/wp-content\/uploads\/2024\/10\/logo-mluxp-2.png","width":455,"height":629,"caption":"M\u00e1laga Lux Properties"},"image":{"@id":"https:\/\/www.malagaluxproperties.com\/es\/#\/schema\/logo\/image\/"}}]}},"_links":{"self":[{"href":"https:\/\/www.malagaluxproperties.com\/es\/wp-json\/wp\/v2\/pages\/1920","targetHints":{"allow":["GET"]}}],"collection":[{"href":"https:\/\/www.malagaluxproperties.com\/es\/wp-json\/wp\/v2\/pages"}],"about":[{"href":"https:\/\/www.malagaluxproperties.com\/es\/wp-json\/wp\/v2\/types\/page"}],"author":[{"embeddable":true,"href":"https:\/\/www.malagaluxproperties.com\/es\/wp-json\/wp\/v2\/users\/1"}],"replies":[{"embeddable":true,"href":"https:\/\/www.malagaluxproperties.com\/es\/wp-json\/wp\/v2\/comments?post=1920"}],"version-history":[{"count":2,"href":"https:\/\/www.malagaluxproperties.com\/es\/wp-json\/wp\/v2\/pages\/1920\/revisions"}],"predecessor-version":[{"id":1922,"href":"https:\/\/www.malagaluxproperties.com\/es\/wp-json\/wp\/v2\/pages\/1920\/revisions\/1922"}],"wp:attachment":[{"href":"https:\/\/www.malagaluxproperties.com\/es\/wp-json\/wp\/v2\/media?parent=1920"}],"curies":[{"name":"wp","href":"https:\/\/api.w.org\/{rel}","templated":true}]}}